{"id":24,"date":"2025-06-21T05:57:30","date_gmt":"2025-06-21T05:57:30","guid":{"rendered":"https:\/\/maisonmuriers.com\/?page_id=24"},"modified":"2025-06-27T20:21:19","modified_gmt":"2025-06-27T20:21:19","slug":"art","status":"publish","type":"page","link":"https:\/\/maisonmuriers.com\/de\/art\/","title":{"rendered":"Kunst"},"content":{"rendered":"<div data-elementor-type=\"wp-page\" data-elementor-id=\"24\" class=\"elementor elementor-24\" data-elementor-post-type=\"page\">\n\t\t\t\t<div class=\"elementor-element elementor-element-4f644a6e e-flex e-con-boxed e-con e-parent\" data-id=\"4f644a6e\" data-element_type=\"container\" data-e-type=\"container\" data-settings=\"{&quot;background_background&quot;:&quot;classic&quot;}\">\n\t\t\t\t\t<div class=\"e-con-inner\">\n\t\t\t\t<div class=\"elementor-element elementor-element-23c6465 elementor-widget elementor-widget-heading\" data-id=\"23c6465\" data-element_type=\"widget\" data-e-type=\"widget\" data-widget_type=\"heading.default\">\n\t\t\t\t<div class=\"elementor-widget-container\">\n\t\t\t\t\t<h2 class=\"elementor-heading-title elementor-size-default\">Paintings &amp; Sculpture<\/h2>\t\t\t\t<\/div>\n\t\t\t\t<\/div>\n\t\t\t\t<div class=\"elementor-element elementor-element-ef070ba elementor-widget__width-initial elementor-widget elementor-widget-text-editor\" data-id=\"ef070ba\" data-element_type=\"widget\" data-e-type=\"widget\" data-widget_type=\"text-editor.default\">\n\t\t\t\t<div class=\"elementor-widget-container\">\n\t\t\t\t\t\t\t\t\t<p>Shop antique artwork and enjoy free shipping to the United States. Portrait paintings add personality while landscapes and still life paintings bring the French countryside indoors.<\/p>\t\t\t\t\t\t\t\t<\/div>\n\t\t\t\t<\/div>\n\t\t\t\t\t<\/div>\n\t\t\t\t<\/div>\n\t\t<div class=\"elementor-element elementor-element-6dfe443 e-flex e-con-boxed e-con e-parent\" data-id=\"6dfe443\" data-element_type=\"container\" data-e-type=\"container\">\n\t\t\t\t\t<div class=\"e-con-inner\">\n\t\t\t\t<div class=\"elementor-element elementor-element-623f827 elementor-grid-3 elementor-grid-mobile-1 elementor-product-loop-item--align-center elementor-grid-tablet-3 elementor-products-grid elementor-wc-products elementor-show-pagination-border-yes elementor-widget elementor-widget-woocommerce-products\" data-id=\"623f827\" data-element_type=\"widget\" data-e-type=\"widget\" data-widget_type=\"woocommerce-products.default\">\n\t\t\t\t<div class=\"elementor-widget-container\">\n\t\t\t\t\t<div class=\"woocommerce columns-3\"><div class=\"woocommerce-notices-wrapper\"><\/div><p class=\"woocommerce-result-count\" role=\"alert\" aria-relevant=\"all\" >\n\tAlle 6\u00a0Ergebnisse werden angezeigt<\/p>\n<form class=\"woocommerce-ordering\" method=\"get\" action=\"\">\n\t\t<select\n\t\tname=\"orderby\"\n\t\tclass=\"orderby\"\n\t\t\t\t\taria-label=\"Shop-Reihenfolge\" data-no-translation-aria-label=\"\"\n\t\t\t>\n\t\t\t\t\t<option value=\"menu_order\"  selected='selected' data-no-translation=\"\" data-trp-gettext=\"\">Standardsortierung<\/option>\n\t\t\t\t\t<option value=\"popularity\" data-no-translation=\"\" data-trp-gettext=\"\" >Nach Beliebtheit sortiert<\/option>\n\t\t\t\t\t<option value=\"rating\" data-no-translation=\"\" data-trp-gettext=\"\" >Nach Durchschnittsbewertung sortiert<\/option>\n\t\t\t\t\t<option value=\"date\" data-no-translation=\"\" data-trp-gettext=\"\" >Sortieren nach neuesten<\/option>\n\t\t\t\t\t<option value=\"price\" data-no-translation=\"\" data-trp-gettext=\"\" >Nach Preis sortiert: aufsteigend<\/option>\n\t\t\t\t\t<option value=\"price-desc\" data-no-translation=\"\" data-trp-gettext=\"\" >Nach Preis sortiert: absteigend<\/option>\n\t\t\t<\/select>\n\t<input type=\"hidden\" name=\"paged\" value=\"1\" \/>\n\t<input type=\"hidden\" name=\"trp-form-language\" value=\"de\"\/><\/form>\n<ul class=\"products elementor-grid columns-3\">\n<li class=\"product type-product post-1373 status-publish first instock product_cat-art has-post-thumbnail shipping-taxable purchasable product-type-simple\">\n\t<a href=\"https:\/\/maisonmuriers.com\/de\/produkt\/19th-century-louis-xvi-style-gilt-wood-barometer-thermometer-41\/\" class=\"woocommerce-LoopProduct-link woocommerce-loop-product__link\"><img fetchpriority=\"high\" decoding=\"async\" width=\"300\" height=\"300\" src=\"https:\/\/maisonmuriers.com\/wp-content\/uploads\/2025\/06\/DSC07925_c1ce7fc1-a651-4f7e-af49-91e4c2b35ca7-300x300.webp\" class=\"attachment-woocommerce_thumbnail size-woocommerce_thumbnail\" alt=\"19th Century Louis XVI style Gilt Wood Barometer &amp; Thermometer - 41&quot;\" srcset=\"https:\/\/maisonmuriers.com\/wp-content\/uploads\/2025\/06\/DSC07925_c1ce7fc1-a651-4f7e-af49-91e4c2b35ca7-300x300.webp 300w, https:\/\/maisonmuriers.com\/wp-content\/uploads\/2025\/06\/DSC07925_c1ce7fc1-a651-4f7e-af49-91e4c2b35ca7-150x150.webp 150w, https:\/\/maisonmuriers.com\/wp-content\/uploads\/2025\/06\/DSC07925_c1ce7fc1-a651-4f7e-af49-91e4c2b35ca7-100x100.webp 100w\" sizes=\"(max-width: 300px) 100vw, 300px\" \/><h2 class=\"woocommerce-loop-product__title\">19th Century Louis XVI Stil Vergoldeten Holz Barometer &amp; Thermometer \u2013 41&#034;<\/h2>\n\t<span class=\"price\"><span class=\"woocommerce-Price-amount amount\"><bdi><span class=\"woocommerce-Price-currencySymbol\">$<\/span>2277.95<\/bdi><\/span><\/span>\n<\/a><a href=\"\/de\/wp-json\/wp\/v2\/pages\/24?add-to-cart=1373\" aria-describedby=\"woocommerce_loop_add_to_cart_link_describedby_1373\" data-quantity=\"1\" class=\"button product_type_simple add_to_cart_button ajax_add_to_cart\" data-product_id=\"1373\" data-product_sku=\"\" aria-label=\"In den Warenkorb legen: \u201e19th Century Louis XVI style Gilt Wood Barometer &amp; Thermometer - 41&quot;\u201c\" rel=\"nofollow\" data-success_message=\"\u201e19th Century Louis XVI style Gilt Wood Barometer &amp; Thermometer - 41&quot;\u201c wurde Ihrem Warenkorb hinzugef\u00fcgt\" role=\"button\" data-no-translation=\"\" data-trp-gettext=\"\" data-no-translation-aria-label=\"\" data-no-translation-data-success_message=\"\">In den Warenkorb<\/a>\t<span id=\"woocommerce_loop_add_to_cart_link_describedby_1373\" class=\"screen-reader-text\">\n\t\t\t<\/span>\n<\/li>\n<li class=\"product type-product post-1368 status-publish instock product_cat-art has-post-thumbnail shipping-taxable purchasable product-type-simple\">\n\t<a href=\"https:\/\/maisonmuriers.com\/de\/produkt\/19th-century-redoute-botanical-engraving-18%c2%bd-x-14%c2%bd\/\" class=\"woocommerce-LoopProduct-link woocommerce-loop-product__link\"><img decoding=\"async\" width=\"300\" height=\"300\" src=\"https:\/\/maisonmuriers.com\/wp-content\/uploads\/2025\/06\/DSC08088_51d3dd02-774c-4205-804e-cfd7810968e8-300x300.webp\" class=\"attachment-woocommerce_thumbnail size-woocommerce_thumbnail\" alt=\"19th-Century Redout\u00e9 Botanical Engraving - 18\u00bd&quot; x 14\u00bd&quot;\" srcset=\"https:\/\/maisonmuriers.com\/wp-content\/uploads\/2025\/06\/DSC08088_51d3dd02-774c-4205-804e-cfd7810968e8-300x300.webp 300w, https:\/\/maisonmuriers.com\/wp-content\/uploads\/2025\/06\/DSC08088_51d3dd02-774c-4205-804e-cfd7810968e8-150x150.webp 150w, https:\/\/maisonmuriers.com\/wp-content\/uploads\/2025\/06\/DSC08088_51d3dd02-774c-4205-804e-cfd7810968e8-100x100.webp 100w\" sizes=\"(max-width: 300px) 100vw, 300px\" \/><h2 class=\"woocommerce-loop-product__title\">19th-Century Redout\u00e9 botanische Gravuren \u2013 18 \u00bd &#034; x 14\u00bd;&#034;<\/h2>\n\t<span class=\"price\"><span class=\"woocommerce-Price-amount amount\"><bdi><span class=\"woocommerce-Price-currencySymbol\">$<\/span>393.95<\/bdi><\/span><\/span>\n<\/a><a href=\"\/de\/wp-json\/wp\/v2\/pages\/24?add-to-cart=1368\" aria-describedby=\"woocommerce_loop_add_to_cart_link_describedby_1368\" data-quantity=\"1\" class=\"button product_type_simple add_to_cart_button ajax_add_to_cart\" data-product_id=\"1368\" data-product_sku=\"\" aria-label=\"In den Warenkorb legen: \u201e19th-Century Redout\u00e9 Botanical Engraving - 18\u00bd&quot; x 14\u00bd&quot;\u201c\" rel=\"nofollow\" data-success_message=\"\u201e19th-Century Redout\u00e9 Botanical Engraving - 18\u00bd&quot; x 14\u00bd&quot;\u201c wurde Ihrem Warenkorb hinzugef\u00fcgt\" role=\"button\" data-no-translation=\"\" data-trp-gettext=\"\" data-no-translation-aria-label=\"\" data-no-translation-data-success_message=\"\">In den Warenkorb<\/a>\t<span id=\"woocommerce_loop_add_to_cart_link_describedby_1368\" class=\"screen-reader-text\">\n\t\t\t<\/span>\n<\/li>\n<li class=\"product type-product post-1386 status-publish last instock product_cat-art has-post-thumbnail shipping-taxable purchasable product-type-simple\">\n\t<a href=\"https:\/\/maisonmuriers.com\/de\/produkt\/6-french-rural-landscape-by-paul-de-lassence-w-bespoke-wooden-frame-25%c2%bcx-40%c2%bc\/\" class=\"woocommerce-LoopProduct-link woocommerce-loop-product__link\"><img decoding=\"async\" width=\"300\" height=\"300\" src=\"https:\/\/maisonmuriers.com\/wp-content\/uploads\/2025\/06\/DSC05778_825df4cc-eaec-4a57-838b-e221f0c32a79-300x300.webp\" class=\"attachment-woocommerce_thumbnail size-woocommerce_thumbnail\" alt=\"6 French Rural Landscape By Paul De Lassence W\/ Bespoke Wooden Frame - 25\u00bc&quot;x 40\u00bc&quot;\" srcset=\"https:\/\/maisonmuriers.com\/wp-content\/uploads\/2025\/06\/DSC05778_825df4cc-eaec-4a57-838b-e221f0c32a79-300x300.webp 300w, https:\/\/maisonmuriers.com\/wp-content\/uploads\/2025\/06\/DSC05778_825df4cc-eaec-4a57-838b-e221f0c32a79-150x150.webp 150w, https:\/\/maisonmuriers.com\/wp-content\/uploads\/2025\/06\/DSC05778_825df4cc-eaec-4a57-838b-e221f0c32a79-100x100.webp 100w\" sizes=\"(max-width: 300px) 100vw, 300px\" \/><h2 class=\"woocommerce-loop-product__title\">6 franz\u00f6sische L\u00e4ndliche Landschaft Von Paul De Lassence W\/ Bespoke Wooden Frame \u2013 25\u00bc&#034;x 40\u00bc&#034;<\/h2>\n\t<span class=\"price\"><span class=\"woocommerce-Price-amount amount\"><bdi><span class=\"woocommerce-Price-currencySymbol\">$<\/span>4295.85<\/bdi><\/span><\/span>\n<\/a><a href=\"\/de\/wp-json\/wp\/v2\/pages\/24?add-to-cart=1386\" aria-describedby=\"woocommerce_loop_add_to_cart_link_describedby_1386\" data-quantity=\"1\" class=\"button product_type_simple add_to_cart_button ajax_add_to_cart\" data-product_id=\"1386\" data-product_sku=\"\" aria-label=\"In den Warenkorb legen: \u201e6 French Rural Landscape By Paul De Lassence W\/ Bespoke Wooden Frame - 25\u00bc&quot;x 40\u00bc&quot;\u201c\" rel=\"nofollow\" data-success_message=\"\u201e6 French Rural Landscape By Paul De Lassence W\/ Bespoke Wooden Frame - 25\u00bc&quot;x 40\u00bc&quot;\u201c wurde Ihrem Warenkorb hinzugef\u00fcgt\" role=\"button\" data-no-translation=\"\" data-trp-gettext=\"\" data-no-translation-aria-label=\"\" data-no-translation-data-success_message=\"\">In den Warenkorb<\/a>\t<span id=\"woocommerce_loop_add_to_cart_link_describedby_1386\" class=\"screen-reader-text\">\n\t\t\t<\/span>\n<\/li>\n<li class=\"product type-product post-1360 status-publish first instock product_cat-art has-post-thumbnail shipping-taxable purchasable product-type-simple\">\n\t<a href=\"https:\/\/maisonmuriers.com\/de\/produkt\/colorful-early-20th-century-oil-painting-of-anemone-bouquet-in-ornate-frame-24%c2%be-x-21%c2%bc\/\" class=\"woocommerce-LoopProduct-link woocommerce-loop-product__link\"><img loading=\"lazy\" decoding=\"async\" width=\"300\" height=\"300\" src=\"https:\/\/maisonmuriers.com\/wp-content\/uploads\/2025\/06\/DSC08075_6bb325df-dd9f-422c-9bb1-8db3bff48687-300x300.webp\" class=\"attachment-woocommerce_thumbnail size-woocommerce_thumbnail\" alt=\"Colorful Early 20th-Century Oil Painting Of Anemone Bouquet In Ornate Frame - 24\u00be&quot; x 21\u00bc&quot;\" srcset=\"https:\/\/maisonmuriers.com\/wp-content\/uploads\/2025\/06\/DSC08075_6bb325df-dd9f-422c-9bb1-8db3bff48687-300x300.webp 300w, https:\/\/maisonmuriers.com\/wp-content\/uploads\/2025\/06\/DSC08075_6bb325df-dd9f-422c-9bb1-8db3bff48687-150x150.webp 150w, https:\/\/maisonmuriers.com\/wp-content\/uploads\/2025\/06\/DSC08075_6bb325df-dd9f-422c-9bb1-8db3bff48687-100x100.webp 100w\" sizes=\"(max-width: 300px) 100vw, 300px\" \/><h2 class=\"woocommerce-loop-product__title\">Bunte Fr\u00fchen 20th Jahrhundert \u00f6lgem\u00e4lde Von Anemone Bouquet In kunstvoll Verzierten Rahmen \u2013 24\u00be&#034; x 21\u00bc&#034;<\/h2>\n\t<span class=\"price\"><span class=\"woocommerce-Price-amount amount\"><bdi><span class=\"woocommerce-Price-currencySymbol\">$<\/span>683.95<\/bdi><\/span><\/span>\n<\/a><a href=\"\/de\/wp-json\/wp\/v2\/pages\/24?add-to-cart=1360\" aria-describedby=\"woocommerce_loop_add_to_cart_link_describedby_1360\" data-quantity=\"1\" class=\"button product_type_simple add_to_cart_button ajax_add_to_cart\" data-product_id=\"1360\" data-product_sku=\"\" aria-label=\"In den Warenkorb legen: \u201eColorful Early 20th-Century Oil Painting Of Anemone Bouquet In Ornate Frame - 24\u00be&quot; x 21\u00bc&quot;\u201c\" rel=\"nofollow\" data-success_message=\"\u201eColorful Early 20th-Century Oil Painting Of Anemone Bouquet In Ornate Frame - 24\u00be&quot; x 21\u00bc&quot;\u201c wurde Ihrem Warenkorb hinzugef\u00fcgt\" role=\"button\" data-no-translation=\"\" data-trp-gettext=\"\" data-no-translation-aria-label=\"\" data-no-translation-data-success_message=\"\">In den Warenkorb<\/a>\t<span id=\"woocommerce_loop_add_to_cart_link_describedby_1360\" class=\"screen-reader-text\">\n\t\t\t<\/span>\n<\/li>\n<li class=\"product type-product post-1391 status-publish instock product_cat-art has-post-thumbnail shipping-taxable purchasable product-type-simple\">\n\t<a href=\"https:\/\/maisonmuriers.com\/de\/produkt\/large-floorstanding-ceramic-water-fountain-by-conrado-granell-circa-1930-51%c2%bd\/\" class=\"woocommerce-LoopProduct-link woocommerce-loop-product__link\"><img loading=\"lazy\" decoding=\"async\" width=\"300\" height=\"300\" src=\"https:\/\/maisonmuriers.com\/wp-content\/uploads\/2025\/06\/DSC05390_08b87cc5-a35f-4ad8-b5ec-e98b401bcbbb-300x300.webp\" class=\"attachment-woocommerce_thumbnail size-woocommerce_thumbnail\" alt=\"Large Floorstanding Ceramic Water Fountain by Conrado Granell, Circa 1930 - 51\u00bd&quot;\" srcset=\"https:\/\/maisonmuriers.com\/wp-content\/uploads\/2025\/06\/DSC05390_08b87cc5-a35f-4ad8-b5ec-e98b401bcbbb-300x300.webp 300w, https:\/\/maisonmuriers.com\/wp-content\/uploads\/2025\/06\/DSC05390_08b87cc5-a35f-4ad8-b5ec-e98b401bcbbb-150x150.webp 150w, https:\/\/maisonmuriers.com\/wp-content\/uploads\/2025\/06\/DSC05390_08b87cc5-a35f-4ad8-b5ec-e98b401bcbbb-100x100.webp 100w\" sizes=\"(max-width: 300px) 100vw, 300px\" \/><h2 class=\"woocommerce-loop-product__title\">Gro\u00dfe Standlautsprecher Keramik Wasser Brunnen von Conrado Granell, Circa 1930 \u2013 51\u00bd&#034;<\/h2>\n\t<span class=\"price\"><span class=\"woocommerce-Price-amount amount\"><bdi><span class=\"woocommerce-Price-currencySymbol\">$<\/span>3005.95<\/bdi><\/span><\/span>\n<\/a><a href=\"\/de\/wp-json\/wp\/v2\/pages\/24?add-to-cart=1391\" aria-describedby=\"woocommerce_loop_add_to_cart_link_describedby_1391\" data-quantity=\"1\" class=\"button product_type_simple add_to_cart_button ajax_add_to_cart\" data-product_id=\"1391\" data-product_sku=\"\" aria-label=\"In den Warenkorb legen: \u201eLarge Floorstanding Ceramic Water Fountain by Conrado Granell, Circa 1930 - 51\u00bd&quot;\u201c\" rel=\"nofollow\" data-success_message=\"\u201eLarge Floorstanding Ceramic Water Fountain by Conrado Granell, Circa 1930 - 51\u00bd&quot;\u201c wurde Ihrem Warenkorb hinzugef\u00fcgt\" role=\"button\" data-no-translation=\"\" data-trp-gettext=\"\" data-no-translation-aria-label=\"\" data-no-translation-data-success_message=\"\">In den Warenkorb<\/a>\t<span id=\"woocommerce_loop_add_to_cart_link_describedby_1391\" class=\"screen-reader-text\">\n\t\t\t<\/span>\n<\/li>\n<li class=\"product type-product post-1379 status-publish last instock product_cat-art has-post-thumbnail shipping-taxable purchasable product-type-simple\">\n\t<a href=\"https:\/\/maisonmuriers.com\/de\/produkt\/mid-19th-century-industrial-clock-hands-w-exposed-cogs-18%c2%bd\/\" class=\"woocommerce-LoopProduct-link woocommerce-loop-product__link\"><img loading=\"lazy\" decoding=\"async\" width=\"300\" height=\"300\" src=\"https:\/\/maisonmuriers.com\/wp-content\/uploads\/2025\/06\/DSC06735_e88fa543-e2d7-4846-975c-c22f5f8de90f-300x300.webp\" class=\"attachment-woocommerce_thumbnail size-woocommerce_thumbnail\" alt=\"Mid-19th Century Industrial Clock Hands w\/ Exposed Cogs - 18\u00bd&quot;\" srcset=\"https:\/\/maisonmuriers.com\/wp-content\/uploads\/2025\/06\/DSC06735_e88fa543-e2d7-4846-975c-c22f5f8de90f-300x300.webp 300w, https:\/\/maisonmuriers.com\/wp-content\/uploads\/2025\/06\/DSC06735_e88fa543-e2d7-4846-975c-c22f5f8de90f-150x150.webp 150w, https:\/\/maisonmuriers.com\/wp-content\/uploads\/2025\/06\/DSC06735_e88fa543-e2d7-4846-975c-c22f5f8de90f-100x100.webp 100w\" sizes=\"(max-width: 300px) 100vw, 300px\" \/><h2 class=\"woocommerce-loop-product__title\">Mid-19th Century Industrial Clock Hands w\/ Ausgesetzt Zahnr\u00e4der \u2013 18\u00bd&#034;<\/h2>\n\t<span class=\"price\"><span class=\"woocommerce-Price-amount amount\"><bdi><span class=\"woocommerce-Price-currencySymbol\">$<\/span>1530.95<\/bdi><\/span><\/span>\n<\/a><a href=\"\/de\/wp-json\/wp\/v2\/pages\/24?add-to-cart=1379\" aria-describedby=\"woocommerce_loop_add_to_cart_link_describedby_1379\" data-quantity=\"1\" class=\"button product_type_simple add_to_cart_button ajax_add_to_cart\" data-product_id=\"1379\" data-product_sku=\"\" aria-label=\"In den Warenkorb legen: \u201eMid-19th Century Industrial Clock Hands w\/ Exposed Cogs - 18\u00bd&quot;\u201c\" rel=\"nofollow\" data-success_message=\"\u201eMid-19th Century Industrial Clock Hands w\/ Exposed Cogs - 18\u00bd&quot;\u201c wurde Ihrem Warenkorb hinzugef\u00fcgt\" role=\"button\" data-no-translation=\"\" data-trp-gettext=\"\" data-no-translation-aria-label=\"\" data-no-translation-data-success_message=\"\">In den Warenkorb<\/a>\t<span id=\"woocommerce_loop_add_to_cart_link_describedby_1379\" class=\"screen-reader-text\">\n\t\t\t<\/span>\n<\/li>\n<\/ul>\n<\/div>\t\t\t\t<\/div>\n\t\t\t\t<\/div>\n\t\t\t\t\t<\/div>\n\t\t\t\t<\/div>\n\t\t\t\t<\/div>","protected":false},"excerpt":{"rendered":"<p>Paintings &amp; Sculpture Shop antique artwork and enjoy free shipping to the United States. Portrait paintings add personality while landscapes and still life paintings bring the French countryside indoors.<\/p>","protected":false},"author":1,"featured_media":0,"parent":0,"menu_order":0,"comment_status":"closed","ping_status":"closed","template":"","meta":{"footnotes":""},"class_list":["post-24","page","type-page","status-publish","hentry"],"_links":{"self":[{"href":"https:\/\/maisonmuriers.com\/de\/wp-json\/wp\/v2\/pages\/24","targetHints":{"allow":["GET"]}}],"collection":[{"href":"https:\/\/maisonmuriers.com\/de\/wp-json\/wp\/v2\/pages"}],"about":[{"href":"https:\/\/maisonmuriers.com\/de\/wp-json\/wp\/v2\/types\/page"}],"author":[{"embeddable":true,"href":"https:\/\/maisonmuriers.com\/de\/wp-json\/wp\/v2\/users\/1"}],"replies":[{"embeddable":true,"href":"https:\/\/maisonmuriers.com\/de\/wp-json\/wp\/v2\/comments?post=24"}],"version-history":[{"count":10,"href":"https:\/\/maisonmuriers.com\/de\/wp-json\/wp\/v2\/pages\/24\/revisions"}],"predecessor-version":[{"id":1778,"href":"https:\/\/maisonmuriers.com\/de\/wp-json\/wp\/v2\/pages\/24\/revisions\/1778"}],"wp:attachment":[{"href":"https:\/\/maisonmuriers.com\/de\/wp-json\/wp\/v2\/media?parent=24"}],"curies":[{"name":"wp","href":"https:\/\/api.w.org\/{rel}","templated":true}]}}