{"id":3,"date":"2025-06-20T06:25:17","date_gmt":"2025-06-20T06:25:17","guid":{"rendered":"https:\/\/maisonmuriers.com\/?page_id=3"},"modified":"2025-06-27T20:41:53","modified_gmt":"2025-06-27T20:41:53","slug":"privacy-policy","status":"publish","type":"page","link":"https:\/\/maisonmuriers.com\/de\/privacy-policy\/","title":{"rendered":"Datenschutzerkl\u00e4rung"},"content":{"rendered":"<div data-elementor-type=\"wp-page\" data-elementor-id=\"3\" class=\"elementor elementor-3\" data-elementor-post-type=\"page\">\n\t\t\t\t<div class=\"elementor-element elementor-element-7b596a82 e-flex e-con-boxed e-con e-parent\" data-id=\"7b596a82\" data-element_type=\"container\" data-e-type=\"container\" data-settings=\"{&quot;background_background&quot;:&quot;classic&quot;}\">\n\t\t\t\t\t<div class=\"e-con-inner\">\n\t\t\t\t<div class=\"elementor-element elementor-element-42ab092e elementor-widget elementor-widget-heading\" data-id=\"42ab092e\" data-element_type=\"widget\" data-e-type=\"widget\" data-widget_type=\"heading.default\">\n\t\t\t\t<div class=\"elementor-widget-container\">\n\t\t\t\t\t<h2 class=\"elementor-heading-title elementor-size-default\">Datenschutzerkl\u00e4rung<\/h2>\t\t\t\t<\/div>\n\t\t\t\t<\/div>\n\t\t\t\t\t<\/div>\n\t\t\t\t<\/div>\n\t\t<div class=\"elementor-element elementor-element-5297297f e-flex e-con-boxed e-con e-parent\" data-id=\"5297297f\" data-element_type=\"container\" data-e-type=\"container\">\n\t\t\t\t\t<div class=\"e-con-inner\">\n\t\t\t\t<div class=\"elementor-element elementor-element-8206e0a elementor-widget elementor-widget-text-editor\" data-id=\"8206e0a\" data-element_type=\"widget\" data-e-type=\"widget\" data-widget_type=\"text-editor.default\">\n\t\t\t\t<div class=\"elementor-widget-container\">\n\t\t\t\t\t\t\t\t\t\n<p>DATENSCHUTZERKL\u00c4RUNG<\/p>\n<p>&#8212;-<\/p>\n<p>ABSCHNITT 1 \u2013 WAS MACHEN WIR MIT IHREN INFORMATIONEN?<\/p>\n<p>Wenn Sie etwas kaufen von unserem Speicher, als Teil des Kauf-und Verkaufsprozesses, sammeln wir die pers\u00f6nlichen Informationen, die Sie uns geben, wie Ihren Namen, Ihre Adresse und E-Mail-Adresse.<br \/>Wenn Sie durchsuchen Sie unsere Speicher, wir werden auch automatisch empfangen Ihre computer internet-Protokoll (IP) Adresse, um uns mit Informationen, die uns hilft, erfahren Sie \u00fcber Ihren browser und Ihr Betriebssystem.<br \/>E-Mail-marketing (falls zutreffend): Mit Ihrer Erlaubnis k\u00f6nnen wir Ihnen E-Mails \u00fcber unseren store, neue Produkte und andere updates.<\/p>\n<p>ABSCHNITT 2 \u2013 ZUSTIMMUNG<\/p>\n<p>Wie erhalten Sie meine Zustimmung?<br \/>Wenn Sie uns pers\u00f6nliche Informationen \u00fcbermitteln, um eine Transaktion abzuschlie\u00dfen, \u00fcberpr\u00fcfen Sie Ihre Kreditkarte, eine Bestellung aufgeben, ordnen f\u00fcr eine Lieferung oder einen Kauf zur\u00fcck, wir bedeuten, dass Sie Ihr Einverst\u00e4ndnis zur Sammlung und Verwendung f\u00fcr die spezifischen Grund.<br \/>Wenn wir Fragen, f\u00fcr Ihre pers\u00f6nlichen Informationen f\u00fcr eine sekund\u00e4re Grund, wie marketing, werden wir entweder Fragen Sie direkt f\u00fcr Ihren ausdr\u00fccklichen Zustimmung, oder bieten Ihnen die M\u00f6glichkeit, Nein zu sagen.<\/p>\n<p>Wie kann ich meine Einwilligung auch wieder zur\u00fccknehmen?<br \/>Wenn, nachdem Sie opt-in, werden Sie Ihre Meinung \u00e4ndern, k\u00f6nnen Sie jederzeit Ihre Zustimmung f\u00fcr uns, Sie zu Kontaktieren, f\u00fcr die weitere Erfassung, Verwendung oder Offenlegung Ihrer Informationen jederzeit durch Kontaktaufnahme mit uns unter concierge@chezpluie.com.<\/p>\n<p>ABSCHNITT 3 \u2013 OFFENLEGUNG<\/p>\n<p>Wir k\u00f6nnen Ihre personenbezogenen Daten offenlegen, wenn wir gesetzlich verpflichtet sind, dies zu tun, oder wenn Sie gegen unsere Nutzungsbedingungen.<\/p>\n<p>ABSCHNITT 4 \u2013 SHOPIFY<\/p>\n<p>Unser Shop befindet sich auf Shopify Inc. Sie bieten uns die online-e-commerce-Plattform, die es uns erlaubt, zu verkaufen unsere Produkte und Dienstleistungen an Sie.<br \/>Ihre Daten werden gespeichert, die \u00fcber Shopify &#039; s datenspeicher, Datenbanken und die Allgemeine Shopify-Anwendung. Sie speichern Ihre Daten auf einem sicheren server hinter einer firewall.<\/p>\n<p>Zahlung:<br \/>Wenn Sie einen direct-payment-gateway, um den Kauf abzuschlie\u00dfen, dann Shopify speichert Ihre Kreditkartendaten. Es ist verschl\u00fcsselt durch den Payment Card Industry Data Security Standard (PCI-DSS). Ihr Kauf Transaktionsdaten werden nur gespeichert, solange dies erforderlich ist, um den Kauf abzuschlie\u00dfen Transaktion. Nachdem dies abgeschlossen ist, ist Ihre Kauf-Transaktion-Informationen werden gel\u00f6scht.<br \/>Alle direkten Zahlungs-gateways halten sich an die standards, die von PCI-DSS as managed by the PCI Security Standards Council, eine gemeinsame Anstrengung von Marken wie Visa, MasterCard, American Express und Discover.<br \/>PCI-DSS-Anforderungen helfen, den sicheren Umgang mit Kreditkarteninformationen durch unseren store und seine service Provider.<br \/>For more insight, you may also want to read Shopify\u2019s Terms of Service (https:\/\/www.shopify.com\/legal\/terms) or Privacy Statement (https:\/\/www.shopify.com\/legal\/privacy).<\/p>\n<p>ABSCHNITT 5 \u2013 DIENSTLEISTUNGEN DRITTER<\/p>\n<p>Im Allgemeinen werden die Drittanbieter von uns verwendeten nur erheben, nutzen und geben Ihre Daten im erforderlichen Umfang, um Ihnen zu erm\u00f6glichen, die Leistungen zu erbringen Sie uns zur Verf\u00fcgung stellen.<br \/>Jedoch, bestimmte Drittanbieter-Dienstleister, wie z.B. Zahlungs-gateways und andere Zahlungstransaktion Prozessoren, haben Ihre eigenen Datenschutzrichtlinien in Bezug auf die Informationen, die wir verpflichtet sind, Ihnen f\u00fcr Ihre einkaufsbezogenen Transaktionen.<br \/>F\u00fcr diese Anbieter empfehlen wir, dass Sie die Datenschutzerkl\u00e4rung Lesen, damit Sie verstehen k\u00f6nnen, auf welche Weise Ihre pers\u00f6nlichen Informationen behandelt werden, die von diesen Anbietern.<br \/>In allem, denken Sie daran, dass bestimmte Anbieter m\u00f6glicherweise in oder Einrichtungen, die sich eine andere GERICHTSBARKEIT als Sie oder uns. Also, wenn Sie sich entscheiden, gehen mit eine Transaktion, um die Dienstleistungen von eine Dritte-party-service-Anbieter, dann werden Ihre Daten unterliegt den Gesetzen der GERICHTSBARKEIT(en), in dem das service-provider oder seine Einrichtungen befinden.<br \/>Als ein Beispiel, wenn Sie sich in Kanada und Ihre Transaktion von einem Zahlungs-gateway in den Vereinigten Staaten, dann Ihre pers\u00f6nlichen Daten verwendet, die in den Abschluss dieser Transaktion unterliegen k\u00f6nnen der Offenlegung im Rahmen Vereinigten Staaten Rechtsvorschriften, einschlie\u00dflich der Patriot Act.<br \/>Sobald Sie verlassen unserer Shop-website oder umgeleitet werden zu einem Drittanbieter-website oder Anwendung, Sie unterliegen nicht mehr dieser Datenschutzerkl\u00e4rung oder unserer website Nutzungsbedingungen.<\/p>\n<p>Links<br \/>Wenn Sie auf links klicken, die auf unserem Speicher, k\u00f6nnen Sie direkt Sie Weg von unserer Website. Wir sind nicht verantwortlich f\u00fcr die Datenschutzpraktiken anderer Websites und empfehlen Ihnen, deren Datenschutzerkl\u00e4rungen vertraut zu machen.<br \/>Google analytics:<br \/>Unser Shop verwendet Google Analytics, um uns helfen zu lernen, dar\u00fcber, wer unsere Website besucht und welche Seiten Sie angeschaut<\/p>\n<p>ABSCHNITT 6 \u2013 SICHERHEIT<\/p>\n<p>Um Ihre pers\u00f6nlichen Daten zu sch\u00fctzen, nehmen wir angemessene Vorsichtsma\u00dfnahmen und Folgen Sie best practices der Branche, um sicherzustellen, dass Sie nicht unangemessen verloren gehen, missbraucht, aufgerufen, offengelegt, ver\u00e4ndert oder zerst\u00f6rt werden.<br \/>Wenn Sie uns Ihre Kreditkarten-Informationen werden verschl\u00fcsselt mittels secure socket layer-Technologie (SSL) abgelegt und mit einer AES-256-Verschl\u00fcsselung. Obwohl keine Methode der \u00fcbertragung \u00fcber das Internet oder die elektronische Speicherung 100% sicher ist, befolgen wir alle PCI-DSS-Anforderungen und implementieren zus\u00e4tzliche allgemein anerkannte Industriestandards.<\/p>\n<p>ABSCHNITT 7 \u2013 COOKIES<\/p>\n<p>Hier ist eine Liste von cookies, die wir verwenden. Wir haben Sie hier aufgelistet, so dass Sie w\u00e4hlen k\u00f6nnen, wenn Sie m\u00f6chten, um opt-out von cookies oder nicht.<br \/>_session_id, unique token, sessional, Erm\u00f6glicht Shopify, um Informationen zu speichern zu Ihrer Sitzung (referrer, landing page, etc).<br \/>_shopify_visit, keine Daten gehalten, Persistent f\u00fcr 30 Minuten ab dem letzten Besuch, Verwendet von unserem website-Anbieter interne Statistik tracker, um Aufzeichnungen \u00fcber Anzahl der Besuche<br \/>_shopify_uniq, keine Daten gehalten, l\u00e4uft Mitternacht (relativ zum Besucher) des n\u00e4chsten Tages, Z\u00e4hlt die Anzahl der Besuche in einem Gesch\u00e4ft durch einen einzelnen Kunden.<br \/>cart, einzigartiges token, persistent f\u00fcr 2 Wochen, Speichert Informationen \u00fcber den Inhalt Ihres Warenkorb.<br \/>_secure_session_id, unique token, sessional<br \/>storefront_digest, einzigartiges token, unbestimmt Wenn der shop ein Kennwort hat, wird dies verwendet, um festzustellen, ob der aktuelle Besucher Zugriff hat.<br \/>PREF, persistent f\u00fcr einen sehr kurzen Zeitraum, Set von Google und tracks, Besuche den laden und von wo aus<\/p>\n<p>ABSCHNITT 8 \u2013 ZEITALTER DER ZUSTIMMUNG<\/p>\n<p>Durch die Nutzung dieser Website erkl\u00e4ren Sie, dass Sie mindestens das Alter der Mehrheit in Ihrem Staat oder Provinz des Wohnsitzes sind, oder dass Sie der Vollj\u00e4hrigkeit in Ihrem Staat oder Provinz Wohnsitz und Sie haben uns Ihre Zustimmung erlauben jede Ihrer minderj\u00e4hrigen Angeh\u00f6rigen zur Nutzung dieser Website.<\/p>\n<p>ABSCHNITT 9 \u2013 \u00c4NDERUNGEN DIESER DATENSCHUTZRICHTLINIE<\/p>\n<p>Wir behalten uns das Recht vor, diese Datenschutzerkl\u00e4rung zu \u00e4ndern zu jeder Zeit, so bitte \u00fcberpr\u00fcfen es H\u00e4ufig. \u00c4nderungen und Klarstellungen treten sofort nach Ihrer Ver\u00f6ffentlichung auf der website. Wenn wir wesentliche \u00e4nderungen an dieser Richtlinie werden wir Sie hier, dass Sie aktualisiert wurde, damit Sie wissen, welche Informationen wir sammeln, wie wir Sie verwenden und unter welchen Umst\u00e4nden, wenn \u00fcberhaupt, verwenden wir und\/oder offen legen es.<br \/>Wenn unserem Speicher erworben wird oder fusioniert mit einem anderen Unternehmen, werden Ihre Informationen an die neuen Eigent\u00fcmer weitergegeben, damit wir fortfahren k\u00f6nnen, um Produkte zu verkaufen, um Sie.<\/p>\n<p>FRAGEN UND KONTAKT INFORMATIONEN<\/p>\n<p>Wenn Sie m\u00f6chten: Zugriff, korrigieren, \u00e4ndern oder l\u00f6schen Sie alle pers\u00f6nlichen Informationen, die wir \u00fcber Sie haben, registrieren Sie eine Beschwerde, oder einfach weitere Informationen w\u00fcnschen Kontaktieren Sie die Unternehmer direkt an concierge@chezpluie.com<br \/>&#8212;-<\/p>\t\t\t\t\t\t\t\t<\/div>\n\t\t\t\t<\/div>\n\t\t\t\t\t<\/div>\n\t\t\t\t<\/div>\n\t\t\t\t<\/div>","protected":false},"excerpt":{"rendered":"<p>Privacy Policy PRIVACY STATEMENT &#8212;- SECTION 1 &#8211; WHAT DO WE DO WITH YOUR INFORMATION? When you purchase something from our store, as part of the buying and selling process, we collect the personal information you give us such as your name, address and email address.When you browse our store, we also automatically receive your [&hellip;]<\/p>","protected":false},"author":1,"featured_media":0,"parent":0,"menu_order":0,"comment_status":"closed","ping_status":"open","template":"","meta":{"footnotes":""},"class_list":["post-3","page","type-page","status-publish","hentry"],"_links":{"self":[{"href":"https:\/\/maisonmuriers.com\/de\/wp-json\/wp\/v2\/pages\/3","targetHints":{"allow":["GET"]}}],"collection":[{"href":"https:\/\/maisonmuriers.com\/de\/wp-json\/wp\/v2\/pages"}],"about":[{"href":"https:\/\/maisonmuriers.com\/de\/wp-json\/wp\/v2\/types\/page"}],"author":[{"embeddable":true,"href":"https:\/\/maisonmuriers.com\/de\/wp-json\/wp\/v2\/users\/1"}],"replies":[{"embeddable":true,"href":"https:\/\/maisonmuriers.com\/de\/wp-json\/wp\/v2\/comments?post=3"}],"version-history":[{"count":10,"href":"https:\/\/maisonmuriers.com\/de\/wp-json\/wp\/v2\/pages\/3\/revisions"}],"predecessor-version":[{"id":1814,"href":"https:\/\/maisonmuriers.com\/de\/wp-json\/wp\/v2\/pages\/3\/revisions\/1814"}],"wp:attachment":[{"href":"https:\/\/maisonmuriers.com\/de\/wp-json\/wp\/v2\/media?parent=3"}],"curies":[{"name":"wp","href":"https:\/\/api.w.org\/{rel}","templated":true}]}}